{"id":2083,"date":"2020-09-21T15:12:46","date_gmt":"2020-09-21T18:12:46","guid":{"rendered":"https:\/\/nuvoli.cloud\/?page_id=2083"},"modified":"2020-09-21T15:16:30","modified_gmt":"2020-09-21T18:16:30","slug":"news","status":"publish","type":"page","link":"https:\/\/nuvoli.cloud\/news\/","title":{"rendered":"N\u00favoli News"},"content":{"rendered":"\t\t<div data-elementor-type=\"wp-page\" data-elementor-id=\"2083\" class=\"elementor elementor-2083\" data-elementor-settings=\"[]\">\n\t\t\t\t\t\t<div class=\"elementor-inner\">\n\t\t\t\t\t\t\t<div class=\"elementor-section-wrap\">\n\t\t\t\t\t\t\t<section class=\"elementor-section elementor-top-section elementor-element elementor-element-487e342 elementor-section-boxed elementor-section-height-default elementor-section-height-default\" data-id=\"487e342\" data-element_type=\"section\">\n\t\t\t\t\t\t<div class=\"elementor-container elementor-column-gap-default\">\n\t\t\t\t\t\t\t<div class=\"elementor-row\">\n\t\t\t\t\t<div class=\"elementor-column elementor-col-100 elementor-top-column elementor-element elementor-element-5ef1f0c\" data-id=\"5ef1f0c\" data-element_type=\"column\">\n\t\t\t<div class=\"elementor-column-wrap elementor-element-populated\">\n\t\t\t\t\t\t\t<div class=\"elementor-widget-wrap\">\n\t\t\t\t\t\t<div class=\"elementor-element elementor-element-7d7c557 elementor-invisible elementor-widget elementor-widget-section_title\" data-id=\"7d7c557\" data-element_type=\"widget\" data-settings=\"{&quot;_animation&quot;:&quot;fadeInUp&quot;}\" data-widget_type=\"section_title.default\">\n\t\t\t\t<div class=\"elementor-widget-container\">\n\t\t\t\n<div class=\"text-center iq-title-box iq-title-default iq-title-box-2\">\n\t<div class=\"iq-title-icon\">\n\t\t\t<\/div>\n\t\n\t<h2 class=\"iq-title\" >\n\t\tN\u00favoli News\t<\/h2>\n\t<span class=\"iq-subtitle\">Produ\u00e7\u00e3o pr\u00f3pria de conte\u00fado direcionada a quem quer saber tudo sobre Cloud<\/span>\t\n\t<\/div>\n\n\t\t<\/div>\n\t\t\t\t<\/div>\n\t\t\t\t<div class=\"elementor-element elementor-element-201e5c6 elementor-widget elementor-widget-iqonic_blog\" data-id=\"201e5c6\" data-element_type=\"widget\" data-widget_type=\"iqonic_blog.default\">\n\t\t\t\t<div class=\"elementor-widget-container\">\n\t\t\t<div class=\"iq-blog \"> \n\n\t<div class=\"row\">\t\t<div class=\"col-lg-4 col-md-6\">\n\t\t\t\t<div class=\"iq-blog-box\">\n\t    \t\t<div class=\"iq-blog-image\">\n\t    \t\t\t<img src=\"https:\/\/nuvoli.cloud\/wp-content\/uploads\/2021\/02\/Novo-CEO-da-AWS-\u2013-Andy-Jassy.jpg\"\/>\n\n\t    \t\t\t<ul class=\"iq-blogtag\">\n                                           \t<li><a href= https:\/\/nuvoli.cloud\/category\/marketing\/ > Marketing <\/a><\/li><li><a href= https:\/\/nuvoli.cloud\/category\/novidades-aws\/ > Novidades AWS <\/a><\/li><\/ul>\t    \t\t\t\n\t    \t\t<\/div>\n\t    \t\t<div class=\"iq-blog-detail\">\n\n\n\t    \t\t\t<div class=\"iq-blog-meta\">\n\t\t\t\t\t<ul class=\"list-inline\">\n\t\t\t\t\t\t\t<li class=\"list-inline-item\">\t\n\t\t\t\t\t\t\t\t<i class=\"fa fa-calendar mr-2\" aria-hidden=\"true\"><\/i>\n\t\t\t\t\t\t\t\t\t<span class=\"screen-reader-text\">Posted on<\/span> <a href=\"https:\/\/nuvoli.cloud\/novo-ceo-da-aws-andy-jassy\/\" rel=\"bookmark\"><time class=\"entry-date published updated\" datetime=\"2021-02-02T19:33:12-03:00\">02\/02\/2021<\/time><\/a>\t\n\t\t\t\t\t\t\t<\/li>\n\n\t\t\t\t\n\t\t\t\t\t\t\t<li class=\"list-inline-item\">\n\t\t\t\t\t\t\t\t<a href=\"https:\/\/nuvoli.cloud\/author\/lincon\/\" class=\"iq-user\">\n\t\t\t\t\t\t\t\t<i class=\"fa fa-user mr-2\" aria-hidden=\"true\"><\/i>\n\t\t\t\t\t\t\t\t\tLincon Rezende \t\t\t\t\t\t\t\t<\/a>\n\t\t\t\t\t\t\t<\/li>\n\n\n\t\t\t\t\t<\/ul>\n\t\t\t\t<\/div>\n\t    \t\t\t <div class=\"blog-title\t\"><a class=\"button-link\" href=\"https:\/\/nuvoli.cloud\/novo-ceo-da-aws-andy-jassy\/\">\n\t    \t\t\t<h5>Novo CEO da AWS &#8211; Andy Jassy<\/h5><\/a><\/div>\n\t    \t\t\t<p>Amazon anunciou que Jeff Bezos estaria deixando de ser CEO da Amazon, a empresa que ele construiu de um neg\u00f3cio em sua garagem para um gigante mundial. Ao assumir a fun\u00e7\u00e3o de presidente executivo, seu substituto ser\u00e1 Andy Jassy. Com a mudan\u00e7a de Jassy para sua nova fun\u00e7\u00e3o na empresa, a quest\u00e3o imediata \u00e9 quem [&hellip;]<\/p>\n\t    \t\t\t<div class=\"blog-button\">\n\t    \t\t\t<a class=\"button-link\" href=\"https:\/\/nuvoli.cloud\/novo-ceo-da-aws-andy-jassy\/\">Read More<i class=\"fa fa-angle-right\"             aria-hidden=\"true\"><\/i><\/a>\n                                                               <\/div>\n\t    \t\t<\/div>\n\t    \t\t\n\n\t    \t<\/div>\n\t\t\n\t\t\t\t\t\n\t\t<\/div>\n\n\n\n\t\t\t<div class=\"col-lg-4 col-md-6\">\n\t\t\t\t<div class=\"iq-blog-box\">\n\t    \t\t<div class=\"iq-blog-image\">\n\t    \t\t\t<img src=\"https:\/\/nuvoli.cloud\/wp-content\/uploads\/2020\/12\/aws-gp3.jpg\"\/>\n\n\t    \t\t\t<ul class=\"iq-blogtag\">\n                                           \t<li><a href= https:\/\/nuvoli.cloud\/category\/novidades-aws\/ > Novidades AWS <\/a><\/li><\/ul>\t    \t\t\t\n\t    \t\t<\/div>\n\t    \t\t<div class=\"iq-blog-detail\">\n\n\n\t    \t\t\t<div class=\"iq-blog-meta\">\n\t\t\t\t\t<ul class=\"list-inline\">\n\t\t\t\t\t\t\t<li class=\"list-inline-item\">\t\n\t\t\t\t\t\t\t\t<i class=\"fa fa-calendar mr-2\" aria-hidden=\"true\"><\/i>\n\t\t\t\t\t\t\t\t\t<span class=\"screen-reader-text\">Posted on<\/span> <a href=\"https:\/\/nuvoli.cloud\/novos-discos-ebs-gp3\/\" rel=\"bookmark\"><time class=\"entry-date published updated\" datetime=\"2020-12-07T11:18:06-03:00\">07\/12\/2020<\/time><\/a>\t\n\t\t\t\t\t\t\t<\/li>\n\n\t\t\t\t\n\t\t\t\t\t\t\t<li class=\"list-inline-item\">\n\t\t\t\t\t\t\t\t<a href=\"https:\/\/nuvoli.cloud\/author\/lincon\/\" class=\"iq-user\">\n\t\t\t\t\t\t\t\t<i class=\"fa fa-user mr-2\" aria-hidden=\"true\"><\/i>\n\t\t\t\t\t\t\t\t\tLincon Rezende \t\t\t\t\t\t\t\t<\/a>\n\t\t\t\t\t\t\t<\/li>\n\n\n\t\t\t\t\t<\/ul>\n\t\t\t\t<\/div>\n\t    \t\t\t <div class=\"blog-title\t\"><a class=\"button-link\" href=\"https:\/\/nuvoli.cloud\/novos-discos-ebs-gp3\/\">\n\t    \t\t\t<h5>Novos discos EBS GP3<\/h5><\/a><\/div>\n\t    \t\t\t<p>Fala galera! A Amazon lan\u00e7ou esse m\u00eas os novos discos EBS GP3, que s\u00e3o mais em conta. Volumes SSD de uso geral (gp3) Os discos GP3 oferecem armazenamento econ\u00f4mico, ideal para uma ampla variedade de cargas de trabalho. Esses volumes oferecem uma taxa de linha de base consistente de 3.000 IOPS e 125 MiB \/ [&hellip;]<\/p>\n\t    \t\t\t<div class=\"blog-button\">\n\t    \t\t\t<a class=\"button-link\" href=\"https:\/\/nuvoli.cloud\/novos-discos-ebs-gp3\/\">Read More<i class=\"fa fa-angle-right\"             aria-hidden=\"true\"><\/i><\/a>\n                                                               <\/div>\n\t    \t\t<\/div>\n\t    \t\t\n\n\t    \t<\/div>\n\t\t\n\t\t\t\t\t\n\t\t<\/div>\n\n\n\n\t\t\t<div class=\"col-lg-4 col-md-6\">\n\t\t\t\t<div class=\"iq-blog-box\">\n\t    \t\t<div class=\"iq-blog-image\">\n\t    \t\t\t<img src=\"https:\/\/nuvoli.cloud\/wp-content\/uploads\/2021\/02\/Webinar-LGPD-Lei-de-Protecao-dos-Dados-na-Pratica-ABRH-GO.jpg\"\/>\n\n\t    \t\t\t<ul class=\"iq-blogtag\">\n                                           \t<li><a href= https:\/\/nuvoli.cloud\/category\/webinar\/ > Webinar <\/a><\/li><\/ul>\t    \t\t\t\n\t    \t\t<\/div>\n\t    \t\t<div class=\"iq-blog-detail\">\n\n\n\t    \t\t\t<div class=\"iq-blog-meta\">\n\t\t\t\t\t<ul class=\"list-inline\">\n\t\t\t\t\t\t\t<li class=\"list-inline-item\">\t\n\t\t\t\t\t\t\t\t<i class=\"fa fa-calendar mr-2\" aria-hidden=\"true\"><\/i>\n\t\t\t\t\t\t\t\t\t<span class=\"screen-reader-text\">Posted on<\/span> <a href=\"https:\/\/nuvoli.cloud\/webinar-lgpd-lei-de-protecao-dos-dados-na-pratica-abrh-go\/\" rel=\"bookmark\"><time class=\"entry-date published updated\" datetime=\"2020-10-13T22:00:03-03:00\">13\/10\/2020<\/time><\/a>\t\n\t\t\t\t\t\t\t<\/li>\n\n\t\t\t\t\n\t\t\t\t\t\t\t<li class=\"list-inline-item\">\n\t\t\t\t\t\t\t\t<a href=\"https:\/\/nuvoli.cloud\/author\/lincon\/\" class=\"iq-user\">\n\t\t\t\t\t\t\t\t<i class=\"fa fa-user mr-2\" aria-hidden=\"true\"><\/i>\n\t\t\t\t\t\t\t\t\tLincon Rezende \t\t\t\t\t\t\t\t<\/a>\n\t\t\t\t\t\t\t<\/li>\n\n\n\t\t\t\t\t<\/ul>\n\t\t\t\t<\/div>\n\t    \t\t\t <div class=\"blog-title\t\"><a class=\"button-link\" href=\"https:\/\/nuvoli.cloud\/webinar-lgpd-lei-de-protecao-dos-dados-na-pratica-abrh-go\/\">\n\t    \t\t\t<h5>Webinar: LGPD [Lei de Prote\u00e7\u00e3o dos Dados] na Pr\u00e1tica &#8211; ABRH GO<\/h5><\/a><\/div>\n\t    \t\t\t<p>Webinar LGPD [Lei de Prote\u00e7\u00e3o dos Dados] na Pr\u00e1tica Realiza\u00e7\u00e3o: ABRH GO &#8211; Associa\u00e7\u00e3o Brasileira de Recursos Humanos Apoiadores: Cons\u00f3rcio 5WS &#8211; N\u00favoli Cloud Computing &#8211; UNK Digital Patrocinadores: FIEG &#8211; Grupo E Refei\u00e7\u00f5es &#8211; IPOG Instituto P\u00f3s-Gradua\u00e7\u00e3o e Gradua\u00e7\u00e3o &#8211; Nube Estagi\u00e1rios e Aprendizes Confira o evento gravado. &nbsp;<\/p>\n\t    \t\t\t<div class=\"blog-button\">\n\t    \t\t\t<a class=\"button-link\" href=\"https:\/\/nuvoli.cloud\/webinar-lgpd-lei-de-protecao-dos-dados-na-pratica-abrh-go\/\">Read More<i class=\"fa fa-angle-right\"             aria-hidden=\"true\"><\/i><\/a>\n                                                               <\/div>\n\t    \t\t<\/div>\n\t    \t\t\n\n\t    \t<\/div>\n\t\t\n\t\t\t\t\t\n\t\t<\/div>\n\n\n\n\t\t\t<div class=\"col-lg-4 col-md-6\">\n\t\t\t\t<div class=\"iq-blog-box\">\n\t    \t\t<div class=\"iq-blog-image\">\n\t    \t\t\t<img src=\"https:\/\/nuvoli.cloud\/wp-content\/uploads\/2021\/02\/maxresdefault.jpg\"\/>\n\n\t    \t\t\t<ul class=\"iq-blogtag\">\n                                           \t<li><a href= https:\/\/nuvoli.cloud\/category\/webinar\/ > Webinar <\/a><\/li><\/ul>\t    \t\t\t\n\t    \t\t<\/div>\n\t    \t\t<div class=\"iq-blog-detail\">\n\n\n\t    \t\t\t<div class=\"iq-blog-meta\">\n\t\t\t\t\t<ul class=\"list-inline\">\n\t\t\t\t\t\t\t<li class=\"list-inline-item\">\t\n\t\t\t\t\t\t\t\t<i class=\"fa fa-calendar mr-2\" aria-hidden=\"true\"><\/i>\n\t\t\t\t\t\t\t\t\t<span class=\"screen-reader-text\">Posted on<\/span> <a href=\"https:\/\/nuvoli.cloud\/webinar-seguranca-e-custos-na-aws\/\" rel=\"bookmark\"><time class=\"entry-date published updated\" datetime=\"2020-08-01T12:00:51-03:00\">01\/08\/2020<\/time><\/a>\t\n\t\t\t\t\t\t\t<\/li>\n\n\t\t\t\t\n\t\t\t\t\t\t\t<li class=\"list-inline-item\">\n\t\t\t\t\t\t\t\t<a href=\"https:\/\/nuvoli.cloud\/author\/lincon\/\" class=\"iq-user\">\n\t\t\t\t\t\t\t\t<i class=\"fa fa-user mr-2\" aria-hidden=\"true\"><\/i>\n\t\t\t\t\t\t\t\t\tLincon Rezende \t\t\t\t\t\t\t\t<\/a>\n\t\t\t\t\t\t\t<\/li>\n\n\n\t\t\t\t\t<\/ul>\n\t\t\t\t<\/div>\n\t    \t\t\t <div class=\"blog-title\t\"><a class=\"button-link\" href=\"https:\/\/nuvoli.cloud\/webinar-seguranca-e-custos-na-aws\/\">\n\t    \t\t\t<h5>Webinar: Seguran\u00e7a e Custos na AWS<\/h5><\/a><\/div>\n\t    \t\t\t<p>Entenda como otimizar custos sem perder os n\u00edveis de seguran\u00e7a. O webinar foi realizado totalmente gratuito e ao vivo, no dia 04\/08\/2020, \u00e0s 19h30. Confira o evento gravado<\/p>\n\t    \t\t\t<div class=\"blog-button\">\n\t    \t\t\t<a class=\"button-link\" href=\"https:\/\/nuvoli.cloud\/webinar-seguranca-e-custos-na-aws\/\">Read More<i class=\"fa fa-angle-right\"             aria-hidden=\"true\"><\/i><\/a>\n                                                               <\/div>\n\t    \t\t<\/div>\n\t    \t\t\n\n\t    \t<\/div>\n\t\t\n\t\t\t\t\t\n\t\t<\/div>\n\n\n\n\t<\/div> \n<\/div>\t\t<\/div>\n\t\t\t\t<\/div>\n\t\t\t\t\t\t<\/div>\n\t\t\t\t\t<\/div>\n\t\t<\/div>\n\t\t\t\t\t\t\t\t<\/div>\n\t\t\t\t\t<\/div>\n\t\t<\/section>\n\t\t\t\t\t\t<\/div>\n\t\t\t\t\t\t<\/div>\n\t\t\t\t\t<\/div>\n\t\t","protected":false},"excerpt":{"rendered":"<p>N\u00favoli News Produ\u00e7\u00e3o pr\u00f3pria de conte\u00fado direcionada a quem quer saber tudo sobre Cloud Marketing Posted on 17\/02\/2020 adm_nuvoli_a1 &nbsp; Official Terraform Provider &nbsp; It is a long established fact that a reader will be distracted by the readable. Read More Marketing Posted on 17\/02\/2020 adm_nuvoli_a1 &nbsp; CCPA Compliance Update &nbsp; It is a long [&hellip;]<\/p>\n","protected":false},"author":1,"featured_media":0,"parent":0,"menu_order":0,"comment_status":"closed","ping_status":"closed","template":"","meta":[],"_links":{"self":[{"href":"https:\/\/nuvoli.cloud\/wp-json\/wp\/v2\/pages\/2083"}],"collection":[{"href":"https:\/\/nuvoli.cloud\/wp-json\/wp\/v2\/pages"}],"about":[{"href":"https:\/\/nuvoli.cloud\/wp-json\/wp\/v2\/types\/page"}],"author":[{"embeddable":true,"href":"https:\/\/nuvoli.cloud\/wp-json\/wp\/v2\/users\/1"}],"replies":[{"embeddable":true,"href":"https:\/\/nuvoli.cloud\/wp-json\/wp\/v2\/comments?post=2083"}],"version-history":[{"count":4,"href":"https:\/\/nuvoli.cloud\/wp-json\/wp\/v2\/pages\/2083\/revisions"}],"predecessor-version":[{"id":2087,"href":"https:\/\/nuvoli.cloud\/wp-json\/wp\/v2\/pages\/2083\/revisions\/2087"}],"wp:attachment":[{"href":"https:\/\/nuvoli.cloud\/wp-json\/wp\/v2\/media?parent=2083"}],"curies":[{"name":"wp","href":"https:\/\/api.w.org\/{rel}","templated":true}]}}